{"id":6170,"date":"2024-05-13T21:53:00","date_gmt":"2024-05-13T21:53:00","guid":{"rendered":"https:\/\/gokgrup.com\/?page_id=6170"},"modified":"2024-05-13T23:30:14","modified_gmt":"2024-05-13T23:30:14","slug":"gizlilik-politikasi","status":"publish","type":"page","link":"https:\/\/gokgrup.com\/en\/gizlilik-politikasi\/","title":{"rendered":"Privacy Policy"},"content":{"rendered":"<p>All information you enter to become a member of our site will not be shared with third party companies or individuals.<\/p>\r\n<p>All information you enter through our site's contact forms will not be shared with third party companies or individuals.<\/p>\r\n<p>Our site may sometimes send campaign information, information about new products, and promotional information to its customers and members. Our members can make any choice about whether or not to receive such information while becoming a member, and this choice can be changed in the account information section after logging in.<\/p>\r\n<p>Only you can access and change all the information you provide when becoming a member. If you keep your member login information secure, it is not possible for others to access or change information about you.\u00a0<\/p>\r\n<p>The buyer is personally responsible for any improper use, objections and any financial losses and penalties that may arise due to her or third party credit card transactions on gokgrup.com.<\/p>","protected":false},"excerpt":{"rendered":"<p>Sitemize \u00fcye olmak i\u00e7in girmi\u015f oldu\u011funuz t\u00fcm bilgiler, \u00a03. parti firma veya ki\u015filerle payla\u015f\u0131lmayacakt\u0131r. Sitemiz ileti\u015fim formlar\u0131ndan girmi\u015f oldu\u011funuz t\u00fcm bilgiler, \u00a03. parti firma veya ki\u015filerle payla\u015f\u0131lmayacakt\u0131r. Sitemiz baz\u0131 d\u00f6nemlerde&hellip;<\/p>","protected":false},"author":1,"featured_media":0,"parent":0,"menu_order":0,"comment_status":"closed","ping_status":"closed","template":"","meta":{"footnotes":""},"class_list":["post-6170","page","type-page","status-publish","hentry"],"yoast_head":"<!-- This site is optimized with the Yoast SEO plugin v23.4 - https:\/\/yoast.com\/wordpress\/plugins\/seo\/ -->\n<title>Gizlilik Politikas\u0131 - G\u00f6kgrup<\/title>\n<meta name=\"robots\" content=\"index, follow, max-snippet:-1, max-image-preview:large, max-video-preview:-1\" \/>\n<link rel=\"canonical\" href=\"https:\/\/gokgrup.com\/en\/gizlilik-politikasi\/\" \/>\n<meta property=\"og:locale\" content=\"en_US\" \/>\n<meta property=\"og:type\" content=\"article\" \/>\n<meta property=\"og:title\" content=\"Gizlilik Politikas\u0131 - G\u00f6kgrup\" \/>\n<meta property=\"og:description\" content=\"Sitemize \u00fcye olmak i\u00e7in girmi\u015f oldu\u011funuz t\u00fcm bilgiler, \u00a03. parti firma veya ki\u015filerle payla\u015f\u0131lmayacakt\u0131r. Sitemiz ileti\u015fim formlar\u0131ndan girmi\u015f oldu\u011funuz t\u00fcm bilgiler, \u00a03. parti firma veya ki\u015filerle payla\u015f\u0131lmayacakt\u0131r. Sitemiz baz\u0131 d\u00f6nemlerde&hellip;\" \/>\n<meta property=\"og:url\" content=\"https:\/\/gokgrup.com\/en\/gizlilik-politikasi\/\" \/>\n<meta property=\"og:site_name\" content=\"G\u00f6kgrup\" \/>\n<meta property=\"article:modified_time\" content=\"2024-05-13T23:30:14+00:00\" \/>\n<meta name=\"twitter:card\" content=\"summary_large_image\" \/>\n<meta name=\"twitter:label1\" content=\"Est. reading time\" \/>\n\t<meta name=\"twitter:data1\" content=\"1 minute\" \/>\n<script type=\"application\/ld+json\" class=\"yoast-schema-graph\">{\"@context\":\"https:\/\/schema.org\",\"@graph\":[{\"@type\":\"WebPage\",\"@id\":\"https:\/\/gokgrup.com\/gizlilik-politikasi\/\",\"url\":\"https:\/\/gokgrup.com\/gizlilik-politikasi\/\",\"name\":\"Gizlilik Politikas\u0131 - G\u00f6kgrup\",\"isPartOf\":{\"@id\":\"https:\/\/gokgrup.com\/#website\"},\"datePublished\":\"2024-05-13T21:53:00+00:00\",\"dateModified\":\"2024-05-13T23:30:14+00:00\",\"breadcrumb\":{\"@id\":\"https:\/\/gokgrup.com\/gizlilik-politikasi\/#breadcrumb\"},\"inLanguage\":\"en-US\",\"potentialAction\":[{\"@type\":\"ReadAction\",\"target\":[\"https:\/\/gokgrup.com\/gizlilik-politikasi\/\"]}]},{\"@type\":\"BreadcrumbList\",\"@id\":\"https:\/\/gokgrup.com\/gizlilik-politikasi\/#breadcrumb\",\"itemListElement\":[{\"@type\":\"ListItem\",\"position\":1,\"name\":\"Home\",\"item\":\"https:\/\/gokgrup.com\/\"},{\"@type\":\"ListItem\",\"position\":2,\"name\":\"Gizlilik Politikas\u0131\"}]},{\"@type\":\"WebSite\",\"@id\":\"https:\/\/gokgrup.com\/#website\",\"url\":\"https:\/\/gokgrup.com\/\",\"name\":\"G\u00f6kgrup\",\"description\":\"Yap\u0131 Sanayi\",\"potentialAction\":[{\"@type\":\"SearchAction\",\"target\":{\"@type\":\"EntryPoint\",\"urlTemplate\":\"https:\/\/gokgrup.com\/?s={search_term_string}\"},\"query-input\":{\"@type\":\"PropertyValueSpecification\",\"valueRequired\":true,\"valueName\":\"search_term_string\"}}],\"inLanguage\":\"en-US\"}]}<\/script>\n<!-- \/ Yoast SEO plugin. -->","yoast_head_json":{"title":"Gizlilik Politikas\u0131 - G\u00f6kgrup","robots":{"index":"index","follow":"follow","max-snippet":"max-snippet:-1","max-image-preview":"max-image-preview:large","max-video-preview":"max-video-preview:-1"},"canonical":"https:\/\/gokgrup.com\/en\/gizlilik-politikasi\/","og_locale":"en_US","og_type":"article","og_title":"Gizlilik Politikas\u0131 - G\u00f6kgrup","og_description":"Sitemize \u00fcye olmak i\u00e7in girmi\u015f oldu\u011funuz t\u00fcm bilgiler, \u00a03. parti firma veya ki\u015filerle payla\u015f\u0131lmayacakt\u0131r. Sitemiz ileti\u015fim formlar\u0131ndan girmi\u015f oldu\u011funuz t\u00fcm bilgiler, \u00a03. parti firma veya ki\u015filerle payla\u015f\u0131lmayacakt\u0131r. Sitemiz baz\u0131 d\u00f6nemlerde&hellip;","og_url":"https:\/\/gokgrup.com\/en\/gizlilik-politikasi\/","og_site_name":"G\u00f6kgrup","article_modified_time":"2024-05-13T23:30:14+00:00","twitter_card":"summary_large_image","twitter_misc":{"Est. reading time":"1 minute"},"schema":{"@context":"https:\/\/schema.org","@graph":[{"@type":"WebPage","@id":"https:\/\/gokgrup.com\/gizlilik-politikasi\/","url":"https:\/\/gokgrup.com\/gizlilik-politikasi\/","name":"Gizlilik Politikas\u0131 - G\u00f6kgrup","isPartOf":{"@id":"https:\/\/gokgrup.com\/#website"},"datePublished":"2024-05-13T21:53:00+00:00","dateModified":"2024-05-13T23:30:14+00:00","breadcrumb":{"@id":"https:\/\/gokgrup.com\/gizlilik-politikasi\/#breadcrumb"},"inLanguage":"en-US","potentialAction":[{"@type":"ReadAction","target":["https:\/\/gokgrup.com\/gizlilik-politikasi\/"]}]},{"@type":"BreadcrumbList","@id":"https:\/\/gokgrup.com\/gizlilik-politikasi\/#breadcrumb","itemListElement":[{"@type":"ListItem","position":1,"name":"Home","item":"https:\/\/gokgrup.com\/"},{"@type":"ListItem","position":2,"name":"Gizlilik Politikas\u0131"}]},{"@type":"WebSite","@id":"https:\/\/gokgrup.com\/#website","url":"https:\/\/gokgrup.com\/","name":"G\u00f6kgrup","description":"Yap\u0131 Sanayi","potentialAction":[{"@type":"SearchAction","target":{"@type":"EntryPoint","urlTemplate":"https:\/\/gokgrup.com\/?s={search_term_string}"},"query-input":{"@type":"PropertyValueSpecification","valueRequired":true,"valueName":"search_term_string"}}],"inLanguage":"en-US"}]}},"_links":{"self":[{"href":"https:\/\/gokgrup.com\/en\/wp-json\/wp\/v2\/pages\/6170","targetHints":{"allow":["GET"]}}],"collection":[{"href":"https:\/\/gokgrup.com\/en\/wp-json\/wp\/v2\/pages"}],"about":[{"href":"https:\/\/gokgrup.com\/en\/wp-json\/wp\/v2\/types\/page"}],"author":[{"embeddable":true,"href":"https:\/\/gokgrup.com\/en\/wp-json\/wp\/v2\/users\/1"}],"replies":[{"embeddable":true,"href":"https:\/\/gokgrup.com\/en\/wp-json\/wp\/v2\/comments?post=6170"}],"version-history":[{"count":3,"href":"https:\/\/gokgrup.com\/en\/wp-json\/wp\/v2\/pages\/6170\/revisions"}],"predecessor-version":[{"id":6309,"href":"https:\/\/gokgrup.com\/en\/wp-json\/wp\/v2\/pages\/6170\/revisions\/6309"}],"wp:attachment":[{"href":"https:\/\/gokgrup.com\/en\/wp-json\/wp\/v2\/media?parent=6170"}],"curies":[{"name":"wp","href":"https:\/\/api.w.org\/{rel}","templated":true}]}}