{"id":6304,"date":"2024-05-13T23:27:26","date_gmt":"2024-05-13T23:27:26","guid":{"rendered":"https:\/\/gokgrup.com\/?page_id=6304"},"modified":"2024-05-13T23:30:28","modified_gmt":"2024-05-13T23:30:28","slug":"kvkk-bildirimi","status":"publish","type":"page","link":"https:\/\/gokgrup.com\/en\/kvkk-bildirimi\/","title":{"rendered":"KVKK Notification"},"content":{"rendered":"<p>As gokgrup.com, we take the necessary precautions as the Data Controller during the processes of preserving, processing and transferring your personal data in accordance with the principle of privacy of private life and the protection of fundamental rights and freedoms of individuals in accordance with the legislation.<\/p>\r\n<p>We have prepared our Personal Data Processing Information Text (\u201cInformation Text\u201d) in order to inform data subjects regarding the processing, storage and transfer of your personal data within the framework of the Personal Data Protection Law (KVKK) and legal regulations. On this page, you can access our information as the data controller, the purpose for which personal data will be processed, to whom and for what purpose it can be transferred, the method and legal reason for collecting personal data, and all information about your rights listed in the KVKK.<\/p>\r\n<p>We can make changes to the Information Text if necessary. Any changes will become valid upon publication.<\/p>","protected":false},"excerpt":{"rendered":"<p>Ki\u015fisel verilerinizi \u00f6zel hayat\u0131n gizlili\u011fi ve ki\u015filerin temel hak ve \u00f6zg\u00fcrl\u00fcklerinin korunmas\u0131 ilkesine uygun olarak muhafazas\u0131, i\u015flenmesi ve mevzuata uygun olarak aktar\u0131m\u0131 a\u015famalar\u0131nda gokgrup.com olarak Veri Sorumlusu s\u0131fat\u0131 ile gerekli&hellip;<\/p>","protected":false},"author":1,"featured_media":0,"parent":0,"menu_order":0,"comment_status":"closed","ping_status":"closed","template":"","meta":{"footnotes":""},"class_list":["post-6304","page","type-page","status-publish","hentry"],"yoast_head":"<!-- This site is optimized with the Yoast SEO plugin v23.4 - https:\/\/yoast.com\/wordpress\/plugins\/seo\/ -->\n<title>KVKK Bildirimi - G\u00f6kgrup<\/title>\n<meta name=\"robots\" content=\"index, follow, max-snippet:-1, max-image-preview:large, max-video-preview:-1\" \/>\n<link rel=\"canonical\" href=\"https:\/\/gokgrup.com\/en\/kvkk-bildirimi\/\" \/>\n<meta property=\"og:locale\" content=\"en_US\" \/>\n<meta property=\"og:type\" content=\"article\" \/>\n<meta property=\"og:title\" content=\"KVKK Bildirimi - G\u00f6kgrup\" \/>\n<meta property=\"og:description\" content=\"Ki\u015fisel verilerinizi \u00f6zel hayat\u0131n gizlili\u011fi ve ki\u015filerin temel hak ve \u00f6zg\u00fcrl\u00fcklerinin korunmas\u0131 ilkesine uygun olarak muhafazas\u0131, i\u015flenmesi ve mevzuata uygun olarak aktar\u0131m\u0131 a\u015famalar\u0131nda gokgrup.com olarak Veri Sorumlusu s\u0131fat\u0131 ile gerekli&hellip;\" \/>\n<meta property=\"og:url\" content=\"https:\/\/gokgrup.com\/en\/kvkk-bildirimi\/\" \/>\n<meta property=\"og:site_name\" content=\"G\u00f6kgrup\" \/>\n<meta property=\"article:modified_time\" content=\"2024-05-13T23:30:28+00:00\" \/>\n<meta name=\"twitter:card\" content=\"summary_large_image\" \/>\n<meta name=\"twitter:label1\" content=\"Est. reading time\" \/>\n\t<meta name=\"twitter:data1\" content=\"1 minute\" \/>\n<script type=\"application\/ld+json\" class=\"yoast-schema-graph\">{\"@context\":\"https:\/\/schema.org\",\"@graph\":[{\"@type\":\"WebPage\",\"@id\":\"https:\/\/gokgrup.com\/kvkk-bildirimi\/\",\"url\":\"https:\/\/gokgrup.com\/kvkk-bildirimi\/\",\"name\":\"KVKK Bildirimi - G\u00f6kgrup\",\"isPartOf\":{\"@id\":\"https:\/\/gokgrup.com\/#website\"},\"datePublished\":\"2024-05-13T23:27:26+00:00\",\"dateModified\":\"2024-05-13T23:30:28+00:00\",\"breadcrumb\":{\"@id\":\"https:\/\/gokgrup.com\/kvkk-bildirimi\/#breadcrumb\"},\"inLanguage\":\"en-US\",\"potentialAction\":[{\"@type\":\"ReadAction\",\"target\":[\"https:\/\/gokgrup.com\/kvkk-bildirimi\/\"]}]},{\"@type\":\"BreadcrumbList\",\"@id\":\"https:\/\/gokgrup.com\/kvkk-bildirimi\/#breadcrumb\",\"itemListElement\":[{\"@type\":\"ListItem\",\"position\":1,\"name\":\"Home\",\"item\":\"https:\/\/gokgrup.com\/\"},{\"@type\":\"ListItem\",\"position\":2,\"name\":\"KVKK Bildirimi\"}]},{\"@type\":\"WebSite\",\"@id\":\"https:\/\/gokgrup.com\/#website\",\"url\":\"https:\/\/gokgrup.com\/\",\"name\":\"G\u00f6kgrup\",\"description\":\"Yap\u0131 Sanayi\",\"potentialAction\":[{\"@type\":\"SearchAction\",\"target\":{\"@type\":\"EntryPoint\",\"urlTemplate\":\"https:\/\/gokgrup.com\/?s={search_term_string}\"},\"query-input\":{\"@type\":\"PropertyValueSpecification\",\"valueRequired\":true,\"valueName\":\"search_term_string\"}}],\"inLanguage\":\"en-US\"}]}<\/script>\n<!-- \/ Yoast SEO plugin. -->","yoast_head_json":{"title":"KVKK Bildirimi - G\u00f6kgrup","robots":{"index":"index","follow":"follow","max-snippet":"max-snippet:-1","max-image-preview":"max-image-preview:large","max-video-preview":"max-video-preview:-1"},"canonical":"https:\/\/gokgrup.com\/en\/kvkk-bildirimi\/","og_locale":"en_US","og_type":"article","og_title":"KVKK Bildirimi - G\u00f6kgrup","og_description":"Ki\u015fisel verilerinizi \u00f6zel hayat\u0131n gizlili\u011fi ve ki\u015filerin temel hak ve \u00f6zg\u00fcrl\u00fcklerinin korunmas\u0131 ilkesine uygun olarak muhafazas\u0131, i\u015flenmesi ve mevzuata uygun olarak aktar\u0131m\u0131 a\u015famalar\u0131nda gokgrup.com olarak Veri Sorumlusu s\u0131fat\u0131 ile gerekli&hellip;","og_url":"https:\/\/gokgrup.com\/en\/kvkk-bildirimi\/","og_site_name":"G\u00f6kgrup","article_modified_time":"2024-05-13T23:30:28+00:00","twitter_card":"summary_large_image","twitter_misc":{"Est. reading time":"1 minute"},"schema":{"@context":"https:\/\/schema.org","@graph":[{"@type":"WebPage","@id":"https:\/\/gokgrup.com\/kvkk-bildirimi\/","url":"https:\/\/gokgrup.com\/kvkk-bildirimi\/","name":"KVKK Bildirimi - G\u00f6kgrup","isPartOf":{"@id":"https:\/\/gokgrup.com\/#website"},"datePublished":"2024-05-13T23:27:26+00:00","dateModified":"2024-05-13T23:30:28+00:00","breadcrumb":{"@id":"https:\/\/gokgrup.com\/kvkk-bildirimi\/#breadcrumb"},"inLanguage":"en-US","potentialAction":[{"@type":"ReadAction","target":["https:\/\/gokgrup.com\/kvkk-bildirimi\/"]}]},{"@type":"BreadcrumbList","@id":"https:\/\/gokgrup.com\/kvkk-bildirimi\/#breadcrumb","itemListElement":[{"@type":"ListItem","position":1,"name":"Home","item":"https:\/\/gokgrup.com\/"},{"@type":"ListItem","position":2,"name":"KVKK Bildirimi"}]},{"@type":"WebSite","@id":"https:\/\/gokgrup.com\/#website","url":"https:\/\/gokgrup.com\/","name":"G\u00f6kgrup","description":"Yap\u0131 Sanayi","potentialAction":[{"@type":"SearchAction","target":{"@type":"EntryPoint","urlTemplate":"https:\/\/gokgrup.com\/?s={search_term_string}"},"query-input":{"@type":"PropertyValueSpecification","valueRequired":true,"valueName":"search_term_string"}}],"inLanguage":"en-US"}]}},"_links":{"self":[{"href":"https:\/\/gokgrup.com\/en\/wp-json\/wp\/v2\/pages\/6304","targetHints":{"allow":["GET"]}}],"collection":[{"href":"https:\/\/gokgrup.com\/en\/wp-json\/wp\/v2\/pages"}],"about":[{"href":"https:\/\/gokgrup.com\/en\/wp-json\/wp\/v2\/types\/page"}],"author":[{"embeddable":true,"href":"https:\/\/gokgrup.com\/en\/wp-json\/wp\/v2\/users\/1"}],"replies":[{"embeddable":true,"href":"https:\/\/gokgrup.com\/en\/wp-json\/wp\/v2\/comments?post=6304"}],"version-history":[{"count":2,"href":"https:\/\/gokgrup.com\/en\/wp-json\/wp\/v2\/pages\/6304\/revisions"}],"predecessor-version":[{"id":6310,"href":"https:\/\/gokgrup.com\/en\/wp-json\/wp\/v2\/pages\/6304\/revisions\/6310"}],"wp:attachment":[{"href":"https:\/\/gokgrup.com\/en\/wp-json\/wp\/v2\/media?parent=6304"}],"curies":[{"name":"wp","href":"https:\/\/api.w.org\/{rel}","templated":true}]}}