{"id":6583,"date":"2024-05-14T10:44:48","date_gmt":"2024-05-14T10:44:48","guid":{"rendered":"https:\/\/gokgrup.com\/?page_id=6583"},"modified":"2024-05-14T10:47:30","modified_gmt":"2024-05-14T10:47:30","slug":"entegre-yonetim-sistemi-politikamiz","status":"publish","type":"page","link":"https:\/\/gokgrup.com\/en\/entegre-yonetim-sistemi-politikamiz\/","title":{"rendered":"Our Integrated Management System Policy"},"content":{"rendered":"<div data-elementor-type=\"wp-page\" data-elementor-id=\"6583\" class=\"elementor elementor-6583\">\n\t\t\t\t\t\t<section class=\"elementor-section elementor-top-section elementor-element elementor-element-4db39b83 elementor-section-boxed elementor-section-height-default elementor-section-height-default sc_fly_static\" data-id=\"4db39b83\" data-element_type=\"section\">\n\t\t\t\t\t\t<div class=\"elementor-container elementor-column-gap-extended\">\n\t\t\t\t\t<div class=\"elementor-column elementor-col-100 elementor-top-column elementor-element elementor-element-6de69f86 sc_inner_width_none sc_content_align_inherit sc_layouts_column_icons_position_left sc_fly_static\" data-id=\"6de69f86\" data-element_type=\"column\">\n\t\t\t<div class=\"elementor-widget-wrap elementor-element-populated\">\n\t\t\t\t\t\t<div class=\"elementor-element elementor-element-403dcaa3 sc_fly_static elementor-widget elementor-widget-text-editor\" data-id=\"403dcaa3\" data-element_type=\"widget\" data-widget_type=\"text-editor.default\">\n\t\t\t\t<div class=\"elementor-widget-container\">\n\t\t\t\t\t\t\t<!-- wp:heading -->\r\n<ul>\r\n<li>As G\u00d6KYAPI, our first goal is to meet customer demands in a timely, accurate and complete manner,<\/li>\r\n<li>To take part in the rapidly growing rail transportation industry,<\/li>\r\n<li>To produce products of our own design by attaching importance to research and development,<\/li>\r\n<li>To ensure unconditional customer satisfaction,<\/li>\r\n<li>Determining risk-based thinking and continuous improvement as our basic philosophy,<\/li>\r\n<li>Accepting a healthy supplier-organization relationship as an integral part of customer satisfaction,<\/li>\r\n<li>To develop systems to ensure occupational health and safety and prevent occupational accidents in our activities,<\/li>\r\n<li>Analyzing and minimizing health and safety risks that may arise in the working environment,<\/li>\r\n<li>Focusing on protecting our natural environment, respecting people and the environment, and preventing pollution at its source,<\/li>\r\n<li>Analyzing and minimizing important environmental aspects that may arise in the working environment,<\/li>\r\n<li>Continuously training all its personnel for quality production and sales with a participatory policy, keeping the team spirit strong,<\/li>\r\n<li>To accept compliance with legal and regulatory requirements as a commitment towards the society we live in and third parties.<\/li>\r\n<\/ul>\t\t\t\t\t\t<\/div>\n\t\t\t\t<\/div>\n\t\t\t\t\t<\/div>\n\t\t<\/div>\n\t\t\t\t\t<\/div>\n\t\t<\/section>\n\t\t\t\t<\/div>","protected":false},"excerpt":{"rendered":"<p>G\u00d6KYAPI olarak ilk hedef, m\u00fc\u015fteri talebini zaman\u0131nda, do\u011fru ve tam olarak kar\u015f\u0131lamak, H\u0131zla b\u00fcy\u00fcyen Rayl\u0131 ta\u015f\u0131ma sekt\u00f6r\u00fcnde yer alabilmek, Ara\u015ft\u0131rma ve geli\u015ftirmeye \u00f6nem vererek kendi tasar\u0131m\u0131m\u0131z olan \u00fcr\u00fcnleri \u00fcretmek, Ko\u015fulsuz&hellip;<\/p>","protected":false},"author":1,"featured_media":0,"parent":0,"menu_order":0,"comment_status":"closed","ping_status":"closed","template":"","meta":{"footnotes":""},"class_list":["post-6583","page","type-page","status-publish","hentry"],"yoast_head":"<!-- This site is optimized with the Yoast SEO plugin v23.4 - https:\/\/yoast.com\/wordpress\/plugins\/seo\/ -->\n<title>Entegre Y\u00f6netim Sistemi Politikam\u0131z - G\u00f6kgrup<\/title>\n<meta name=\"robots\" content=\"index, follow, max-snippet:-1, max-image-preview:large, max-video-preview:-1\" \/>\n<link rel=\"canonical\" href=\"https:\/\/gokgrup.com\/en\/entegre-yonetim-sistemi-politikamiz\/\" \/>\n<meta property=\"og:locale\" content=\"en_US\" \/>\n<meta property=\"og:type\" content=\"article\" \/>\n<meta property=\"og:title\" content=\"Entegre Y\u00f6netim Sistemi Politikam\u0131z - G\u00f6kgrup\" \/>\n<meta property=\"og:description\" content=\"G\u00d6KYAPI olarak ilk hedef, m\u00fc\u015fteri talebini zaman\u0131nda, do\u011fru ve tam olarak kar\u015f\u0131lamak, H\u0131zla b\u00fcy\u00fcyen Rayl\u0131 ta\u015f\u0131ma sekt\u00f6r\u00fcnde yer alabilmek, Ara\u015ft\u0131rma ve geli\u015ftirmeye \u00f6nem vererek kendi tasar\u0131m\u0131m\u0131z olan \u00fcr\u00fcnleri \u00fcretmek, Ko\u015fulsuz&hellip;\" \/>\n<meta property=\"og:url\" content=\"https:\/\/gokgrup.com\/en\/entegre-yonetim-sistemi-politikamiz\/\" \/>\n<meta property=\"og:site_name\" content=\"G\u00f6kgrup\" \/>\n<meta property=\"article:modified_time\" content=\"2024-05-14T10:47:30+00:00\" \/>\n<meta name=\"twitter:card\" content=\"summary_large_image\" \/>\n<meta name=\"twitter:label1\" content=\"Est. reading time\" \/>\n\t<meta name=\"twitter:data1\" content=\"1 minute\" \/>\n<script type=\"application\/ld+json\" class=\"yoast-schema-graph\">{\"@context\":\"https:\/\/schema.org\",\"@graph\":[{\"@type\":\"WebPage\",\"@id\":\"https:\/\/gokgrup.com\/entegre-yonetim-sistemi-politikamiz\/\",\"url\":\"https:\/\/gokgrup.com\/entegre-yonetim-sistemi-politikamiz\/\",\"name\":\"Entegre Y\u00f6netim Sistemi Politikam\u0131z - G\u00f6kgrup\",\"isPartOf\":{\"@id\":\"https:\/\/gokgrup.com\/#website\"},\"datePublished\":\"2024-05-14T10:44:48+00:00\",\"dateModified\":\"2024-05-14T10:47:30+00:00\",\"breadcrumb\":{\"@id\":\"https:\/\/gokgrup.com\/entegre-yonetim-sistemi-politikamiz\/#breadcrumb\"},\"inLanguage\":\"en-US\",\"potentialAction\":[{\"@type\":\"ReadAction\",\"target\":[\"https:\/\/gokgrup.com\/entegre-yonetim-sistemi-politikamiz\/\"]}]},{\"@type\":\"BreadcrumbList\",\"@id\":\"https:\/\/gokgrup.com\/entegre-yonetim-sistemi-politikamiz\/#breadcrumb\",\"itemListElement\":[{\"@type\":\"ListItem\",\"position\":1,\"name\":\"Home\",\"item\":\"https:\/\/gokgrup.com\/\"},{\"@type\":\"ListItem\",\"position\":2,\"name\":\"Entegre Y\u00f6netim Sistemi Politikam\u0131z\"}]},{\"@type\":\"WebSite\",\"@id\":\"https:\/\/gokgrup.com\/#website\",\"url\":\"https:\/\/gokgrup.com\/\",\"name\":\"G\u00f6kgrup\",\"description\":\"Yap\u0131 Sanayi\",\"potentialAction\":[{\"@type\":\"SearchAction\",\"target\":{\"@type\":\"EntryPoint\",\"urlTemplate\":\"https:\/\/gokgrup.com\/?s={search_term_string}\"},\"query-input\":{\"@type\":\"PropertyValueSpecification\",\"valueRequired\":true,\"valueName\":\"search_term_string\"}}],\"inLanguage\":\"en-US\"}]}<\/script>\n<!-- \/ Yoast SEO plugin. -->","yoast_head_json":{"title":"Entegre Y\u00f6netim Sistemi Politikam\u0131z - G\u00f6kgrup","robots":{"index":"index","follow":"follow","max-snippet":"max-snippet:-1","max-image-preview":"max-image-preview:large","max-video-preview":"max-video-preview:-1"},"canonical":"https:\/\/gokgrup.com\/en\/entegre-yonetim-sistemi-politikamiz\/","og_locale":"en_US","og_type":"article","og_title":"Entegre Y\u00f6netim Sistemi Politikam\u0131z - G\u00f6kgrup","og_description":"G\u00d6KYAPI olarak ilk hedef, m\u00fc\u015fteri talebini zaman\u0131nda, do\u011fru ve tam olarak kar\u015f\u0131lamak, H\u0131zla b\u00fcy\u00fcyen Rayl\u0131 ta\u015f\u0131ma sekt\u00f6r\u00fcnde yer alabilmek, Ara\u015ft\u0131rma ve geli\u015ftirmeye \u00f6nem vererek kendi tasar\u0131m\u0131m\u0131z olan \u00fcr\u00fcnleri \u00fcretmek, Ko\u015fulsuz&hellip;","og_url":"https:\/\/gokgrup.com\/en\/entegre-yonetim-sistemi-politikamiz\/","og_site_name":"G\u00f6kgrup","article_modified_time":"2024-05-14T10:47:30+00:00","twitter_card":"summary_large_image","twitter_misc":{"Est. reading time":"1 minute"},"schema":{"@context":"https:\/\/schema.org","@graph":[{"@type":"WebPage","@id":"https:\/\/gokgrup.com\/entegre-yonetim-sistemi-politikamiz\/","url":"https:\/\/gokgrup.com\/entegre-yonetim-sistemi-politikamiz\/","name":"Entegre Y\u00f6netim Sistemi Politikam\u0131z - G\u00f6kgrup","isPartOf":{"@id":"https:\/\/gokgrup.com\/#website"},"datePublished":"2024-05-14T10:44:48+00:00","dateModified":"2024-05-14T10:47:30+00:00","breadcrumb":{"@id":"https:\/\/gokgrup.com\/entegre-yonetim-sistemi-politikamiz\/#breadcrumb"},"inLanguage":"en-US","potentialAction":[{"@type":"ReadAction","target":["https:\/\/gokgrup.com\/entegre-yonetim-sistemi-politikamiz\/"]}]},{"@type":"BreadcrumbList","@id":"https:\/\/gokgrup.com\/entegre-yonetim-sistemi-politikamiz\/#breadcrumb","itemListElement":[{"@type":"ListItem","position":1,"name":"Home","item":"https:\/\/gokgrup.com\/"},{"@type":"ListItem","position":2,"name":"Entegre Y\u00f6netim Sistemi Politikam\u0131z"}]},{"@type":"WebSite","@id":"https:\/\/gokgrup.com\/#website","url":"https:\/\/gokgrup.com\/","name":"G\u00f6kgrup","description":"Yap\u0131 Sanayi","potentialAction":[{"@type":"SearchAction","target":{"@type":"EntryPoint","urlTemplate":"https:\/\/gokgrup.com\/?s={search_term_string}"},"query-input":{"@type":"PropertyValueSpecification","valueRequired":true,"valueName":"search_term_string"}}],"inLanguage":"en-US"}]}},"_links":{"self":[{"href":"https:\/\/gokgrup.com\/en\/wp-json\/wp\/v2\/pages\/6583","targetHints":{"allow":["GET"]}}],"collection":[{"href":"https:\/\/gokgrup.com\/en\/wp-json\/wp\/v2\/pages"}],"about":[{"href":"https:\/\/gokgrup.com\/en\/wp-json\/wp\/v2\/types\/page"}],"author":[{"embeddable":true,"href":"https:\/\/gokgrup.com\/en\/wp-json\/wp\/v2\/users\/1"}],"replies":[{"embeddable":true,"href":"https:\/\/gokgrup.com\/en\/wp-json\/wp\/v2\/comments?post=6583"}],"version-history":[{"count":8,"href":"https:\/\/gokgrup.com\/en\/wp-json\/wp\/v2\/pages\/6583\/revisions"}],"predecessor-version":[{"id":6599,"href":"https:\/\/gokgrup.com\/en\/wp-json\/wp\/v2\/pages\/6583\/revisions\/6599"}],"wp:attachment":[{"href":"https:\/\/gokgrup.com\/en\/wp-json\/wp\/v2\/media?parent=6583"}],"curies":[{"name":"wp","href":"https:\/\/api.w.org\/{rel}","templated":true}]}}