{"id":837,"date":"2022-09-08T12:39:11","date_gmt":"2022-09-08T12:39:11","guid":{"rendered":"https:\/\/gokgrup.com\/?page_id=837"},"modified":"2024-05-13T23:56:12","modified_gmt":"2024-05-13T23:56:12","slug":"faaliyet-alanlari","status":"publish","type":"page","link":"https:\/\/gokgrup.com\/en\/faaliyet-alanlari\/","title":{"rendered":"Fields of Activity"},"content":{"rendered":"<div data-elementor-type=\"wp-page\" data-elementor-id=\"837\" class=\"elementor elementor-837\">\n\t\t\t\t\t\t<section class=\"elementor-section elementor-top-section elementor-element elementor-element-4badbcdc scheme_default elementor-section-boxed elementor-section-height-default elementor-section-height-default sc_gradient_animation_none sc_fly_static\" data-id=\"4badbcdc\" data-element_type=\"section\" data-settings=\"{&quot;background_background&quot;:&quot;gradient&quot;}\">\n\t\t\t\t\t\t<div class=\"elementor-container elementor-column-gap-extended\">\n\t\t\t\t\t<div class=\"elementor-column elementor-col-100 elementor-top-column elementor-element elementor-element-477d881a sc_inner_width_none sc_content_align_inherit sc_layouts_column_icons_position_left sc_fly_static\" data-id=\"477d881a\" data-element_type=\"column\">\n\t\t\t<div class=\"elementor-widget-wrap elementor-element-populated\">\n\t\t\t\t\t\t<div class=\"elementor-element elementor-element-23add515 sc_height_huge sc_fly_static elementor-widget elementor-widget-spacer\" data-id=\"23add515\" data-element_type=\"widget\" data-widget_type=\"spacer.default\">\n\t\t\t\t<div class=\"elementor-widget-container\">\n\t\t\t\t\t<div class=\"elementor-spacer\">\n\t\t\t<div class=\"elementor-spacer-inner\"><\/div>\n\t\t<\/div>\n\t\t\t\t<\/div>\n\t\t\t\t<\/div>\n\t\t\t\t<section class=\"elementor-section elementor-inner-section elementor-element elementor-element-18e7f33b elementor-section-boxed elementor-section-height-default elementor-section-height-default sc_fly_static\" data-id=\"18e7f33b\" data-element_type=\"section\" data-settings=\"{&quot;background_background&quot;:&quot;classic&quot;}\">\n\t\t\t\t\t\t<div class=\"elementor-container elementor-column-gap-no\">\n\t\t\t\t\t<div class=\"elementor-column elementor-col-100 elementor-inner-column elementor-element elementor-element-4a94802d sc_inner_width_none sc_content_align_inherit sc_layouts_column_icons_position_left sc_fly_static\" data-id=\"4a94802d\" data-element_type=\"column\" data-settings=\"{&quot;background_background&quot;:&quot;classic&quot;}\">\n\t\t\t<div class=\"elementor-widget-wrap elementor-element-populated\">\n\t\t\t\t\t\t<div class=\"elementor-element elementor-element-8eee853 animation_type_sequental sc_fly_static elementor-invisible elementor-widget elementor-widget-trx_sc_services\" data-id=\"8eee853\" data-element_type=\"widget\" data-settings=\"{&quot;_animation&quot;:&quot;fabrica-fadeinup&quot;,&quot;_animation_delay&quot;:100}\" data-widget_type=\"trx_sc_services.default\">\n\t\t\t\t<div class=\"elementor-widget-container\">\n\t\t\t<div class=\"sc_services sc_services_default sc_services_featured_top\"><div class=\"sc_services_columns_wrap sc_item_columns sc_item_posts_container sc_item_columns_2 trx_addons_columns_wrap columns_padding_bottom\"><div class=\"trx_addons_column-1_2\"><div data-post-id=\"3923\" class=\"sc_services_item sc_item_container post_container with_content with_image sc_services_item_featured_top post-3923 cpt_services type-cpt_services status-publish has-post-thumbnail hentry cpt_services_group-faaliyet-alanlari\" data-item-number=\"1\"\r\n>\r\n\t<div class=\"post_featured with_thumb hover_link sc_services_item_thumb\"><img fetchpriority=\"high\" decoding=\"async\" width=\"890\" height=\"664\" src=\"https:\/\/gokgrup.com\/wp-content\/uploads\/2023\/02\/imalat1.jpg\" class=\"attachment-fabrica-thumb-square size-fabrica-thumb-square wp-post-image\" alt=\"\" srcset=\"https:\/\/gokgrup.com\/wp-content\/uploads\/2023\/02\/imalat1.jpg 890w, https:\/\/gokgrup.com\/wp-content\/uploads\/2023\/02\/imalat1-300x224.jpg 300w, https:\/\/gokgrup.com\/wp-content\/uploads\/2023\/02\/imalat1-768x573.jpg 768w, https:\/\/gokgrup.com\/wp-content\/uploads\/2023\/02\/imalat1-16x12.jpg 16w, https:\/\/gokgrup.com\/wp-content\/uploads\/2023\/02\/imalat1-370x276.jpg 370w, https:\/\/gokgrup.com\/wp-content\/uploads\/2023\/02\/imalat1-840x627.jpg 840w, https:\/\/gokgrup.com\/wp-content\/uploads\/2023\/02\/imalat1-410x306.jpg 410w\" sizes=\"(max-width: 890px) 100vw, 890px\" \/>\t\t\t\t\t\t<div class=\"mask\"><\/div>\n\t\t\t\t\t\t<a class=\"post_link sc_services_item_link\" href=\"http:\/\/www.gokrail.com\/\"><\/a>\t\t\t<a href=\"http:\/\/www.gokrail.com\/\"  target=\"_blank\" rel=\"nofollow\" aria-hidden=\"true\" class=\"link\"><\/a>\r\n\t\t\t<\/div>\t\r\n\t<div class=\"sc_services_item_info\">\r\n\t\t\t\t<div class=\"sc_services_item_header\">\r\n\t\t\t\t\t\t<h4 class=\"sc_services_item_title entry-title\"><a href=\"http:\/\/www.gokrail.com\/\" target=\"_blank\">Freight Wagon Manufacturing<\/a><\/h4>\r\n            \t\t<\/div>\r\n\t\t                    <div class=\"sc_services_item_content\"><p>Within the framework of general and special instructions determined by TCDD General Directorate, T\u00dcE carries out maintenance, repair and production of new wagons for passenger and freight wagons according to UIC criteria. Our factory, which manufactures passenger wagon parts, operates in Sefak\u00f6y, and our factory, which manufactures freight wagon parts, operates in the Sivas Organized Industrial Zone.<\/p>\n<\/div><div class=\"sc_services_item_button sc_item_button\">\r\n            <a href=\"http:\/\/www.gokrail.com\/\" target=\"_blank\" class=\"sc_services_item_more_link\">\r\n                <span class=\"link_text\">Visit<\/span><span class=\"link_icon\"><\/span>\r\n            <\/a>\r\n            <\/div><\/div>\r\n<\/div>\r\n<\/div><div class=\"trx_addons_column-1_2\"><div data-post-id=\"3924\" class=\"sc_services_item sc_item_container post_container with_content with_image sc_services_item_featured_top post-3924 cpt_services type-cpt_services status-publish has-post-thumbnail hentry cpt_services_group-faaliyet-alanlari\" data-item-number=\"2\"\r\n>\r\n\t<div class=\"post_featured with_thumb hover_link sc_services_item_thumb\"><img decoding=\"async\" width=\"890\" height=\"664\" src=\"https:\/\/gokgrup.com\/wp-content\/uploads\/2023\/02\/vagon-1.jpg\" class=\"attachment-fabrica-thumb-square size-fabrica-thumb-square wp-post-image\" alt=\"\" srcset=\"https:\/\/gokgrup.com\/wp-content\/uploads\/2023\/02\/vagon-1.jpg 890w, https:\/\/gokgrup.com\/wp-content\/uploads\/2023\/02\/vagon-1-300x224.jpg 300w, https:\/\/gokgrup.com\/wp-content\/uploads\/2023\/02\/vagon-1-768x573.jpg 768w, https:\/\/gokgrup.com\/wp-content\/uploads\/2023\/02\/vagon-1-16x12.jpg 16w, https:\/\/gokgrup.com\/wp-content\/uploads\/2023\/02\/vagon-1-370x276.jpg 370w, https:\/\/gokgrup.com\/wp-content\/uploads\/2023\/02\/vagon-1-840x627.jpg 840w, https:\/\/gokgrup.com\/wp-content\/uploads\/2023\/02\/vagon-1-410x306.jpg 410w\" sizes=\"(max-width: 890px) 100vw, 890px\" \/>\t\t\t\t\t\t<div class=\"mask\"><\/div>\n\t\t\t\t\t\t<a class=\"post_link sc_services_item_link\" href=\"http:\/\/www.gokrail.com\/\"><\/a>\t\t\t<a href=\"http:\/\/www.gokrail.com\/\"  target=\"_blank\" rel=\"nofollow\" aria-hidden=\"true\" class=\"link\"><\/a>\r\n\t\t\t<\/div>\t\r\n\t<div class=\"sc_services_item_info\">\r\n\t\t\t\t<div class=\"sc_services_item_header\">\r\n\t\t\t\t\t\t<h4 class=\"sc_services_item_title entry-title\"><a href=\"http:\/\/www.gokrail.com\/\" target=\"_blank\">Passenger and Freight Wagon Accessory Production<\/a><\/h4>\r\n            \t\t<\/div>\r\n\t\t                    <div class=\"sc_services_item_content\"><p>Our company manufactures transom windows, ventilation ducts and shelves for all types of passenger wagons. In addition, accessories, passenger compartment windows and air ducts are manufactured for DM and M vehicles of DMU type wagons. Click now to get more information and contact us.<\/p>\n<\/div><div class=\"sc_services_item_button sc_item_button\">\r\n            <a href=\"http:\/\/www.gokrail.com\/\" target=\"_blank\" class=\"sc_services_item_more_link\">\r\n                <span class=\"link_text\">Visit<\/span><span class=\"link_icon\"><\/span>\r\n            <\/a>\r\n            <\/div><\/div>\r\n<\/div>\r\n<\/div><div class=\"trx_addons_column-1_2\"><div data-post-id=\"3925\" class=\"sc_services_item sc_item_container post_container with_content with_image sc_services_item_featured_top post-3925 cpt_services type-cpt_services status-publish has-post-thumbnail hentry cpt_services_group-faaliyet-alanlari\" data-item-number=\"3\"\r\n>\r\n\t<div class=\"post_featured with_thumb hover_link sc_services_item_thumb\"><img decoding=\"async\" width=\"890\" height=\"664\" src=\"https:\/\/gokgrup.com\/wp-content\/uploads\/2023\/02\/raf.jpg\" class=\"attachment-fabrica-thumb-square size-fabrica-thumb-square wp-post-image\" alt=\"\" srcset=\"https:\/\/gokgrup.com\/wp-content\/uploads\/2023\/02\/raf.jpg 890w, https:\/\/gokgrup.com\/wp-content\/uploads\/2023\/02\/raf-300x224.jpg 300w, https:\/\/gokgrup.com\/wp-content\/uploads\/2023\/02\/raf-768x573.jpg 768w, https:\/\/gokgrup.com\/wp-content\/uploads\/2023\/02\/raf-16x12.jpg 16w, https:\/\/gokgrup.com\/wp-content\/uploads\/2023\/02\/raf-370x276.jpg 370w, https:\/\/gokgrup.com\/wp-content\/uploads\/2023\/02\/raf-840x627.jpg 840w, https:\/\/gokgrup.com\/wp-content\/uploads\/2023\/02\/raf-410x306.jpg 410w\" sizes=\"(max-width: 890px) 100vw, 890px\" \/>\t\t\t\t\t\t<div class=\"mask\"><\/div>\n\t\t\t\t\t\t<a class=\"post_link sc_services_item_link\" href=\"http:\/\/www.gokyapimagazacilik.com\/\"><\/a>\t\t\t<a href=\"http:\/\/www.gokyapimagazacilik.com\/\"  target=\"_blank\" rel=\"nofollow\" aria-hidden=\"true\" class=\"link\"><\/a>\r\n\t\t\t<\/div>\t\r\n\t<div class=\"sc_services_item_info\">\r\n\t\t\t\t<div class=\"sc_services_item_header\">\r\n\t\t\t\t\t\t<h4 class=\"sc_services_item_title entry-title\"><a href=\"http:\/\/www.gokyapimagazacilik.com\/\" target=\"_blank\">Store Interior Shelving Systems<\/a><\/h4>\r\n            \t\t<\/div>\r\n\t\t                    <div class=\"sc_services_item_content\"><p>We have more than 20 years of experience in the field of shelving systems and we take care to offer alternative solutions with different products. We develop and produce practical and multi-purpose shelving systems for different purposes in different sectors.<\/p>\n<\/div><div class=\"sc_services_item_button sc_item_button\">\r\n            <a href=\"http:\/\/www.gokyapimagazacilik.com\/\" target=\"_blank\" class=\"sc_services_item_more_link\">\r\n                <span class=\"link_text\">Visit<\/span><span class=\"link_icon\"><\/span>\r\n            <\/a>\r\n            <\/div><\/div>\r\n<\/div>\r\n<\/div><\/div><\/div>\t\t<\/div>\n\t\t\t\t<\/div>\n\t\t\t\t\t<\/div>\n\t\t<\/div>\n\t\t\t\t\t<\/div>\n\t\t<\/section>\n\t\t\t\t\t<\/div>\n\t\t<\/div>\n\t\t\t\t\t<\/div>\n\t\t<\/section>\n\t\t\t\t<section class=\"elementor-section elementor-top-section elementor-element elementor-element-af7e183 elementor-section-boxed elementor-section-height-default elementor-section-height-default sc_fly_static\" data-id=\"af7e183\" data-element_type=\"section\" data-settings=\"{&quot;background_background&quot;:&quot;classic&quot;}\">\n\t\t\t\t\t\t<div class=\"elementor-container elementor-column-gap-extended\">\n\t\t\t\t\t<div class=\"elementor-column elementor-col-100 elementor-top-column elementor-element elementor-element-0aab2e6 sc_inner_width_none sc_content_align_inherit sc_layouts_column_icons_position_left sc_fly_static\" data-id=\"0aab2e6\" data-element_type=\"column\">\n\t\t\t<div class=\"elementor-widget-wrap elementor-element-populated\">\n\t\t\t\t\t\t<div class=\"elementor-element elementor-element-f3531ca sc_height_huge sc_fly_static elementor-widget elementor-widget-spacer\" data-id=\"f3531ca\" data-element_type=\"widget\" data-widget_type=\"spacer.default\">\n\t\t\t\t<div class=\"elementor-widget-container\">\n\t\t\t\t\t<div class=\"elementor-spacer\">\n\t\t\t<div class=\"elementor-spacer-inner\"><\/div>\n\t\t<\/div>\n\t\t\t\t<\/div>\n\t\t\t\t<\/div>\n\t\t\t\t\t<\/div>\n\t\t<\/div>\n\t\t\t\t\t<\/div>\n\t\t<\/section>\n\t\t\t\t<section class=\"elementor-section elementor-top-section elementor-element elementor-element-f938bef elementor-section-boxed elementor-section-height-default elementor-section-height-default sc_fly_static\" data-id=\"f938bef\" data-element_type=\"section\" data-settings=\"{&quot;background_background&quot;:&quot;classic&quot;}\">\n\t\t\t\t\t\t<div class=\"elementor-container elementor-column-gap-extended\">\n\t\t\t\t\t<div class=\"elementor-column elementor-col-100 elementor-top-column elementor-element elementor-element-37b4025 sc_inner_width_none sc_content_align_inherit sc_layouts_column_icons_position_left sc_fly_static\" data-id=\"37b4025\" data-element_type=\"column\">\n\t\t\t<div class=\"elementor-widget-wrap elementor-element-populated\">\n\t\t\t\t\t\t<div class=\"elementor-element elementor-element-57ef865 sc_fly_static elementor-widget elementor-widget-image-carousel\" data-id=\"57ef865\" data-element_type=\"widget\" data-settings=\"{&quot;slides_to_show&quot;:&quot;5&quot;,&quot;navigation&quot;:&quot;none&quot;,&quot;autoplay&quot;:&quot;yes&quot;,&quot;pause_on_hover&quot;:&quot;yes&quot;,&quot;pause_on_interaction&quot;:&quot;yes&quot;,&quot;autoplay_speed&quot;:5000,&quot;infinite&quot;:&quot;yes&quot;,&quot;speed&quot;:500}\" data-widget_type=\"image-carousel.default\">\n\t\t\t\t<div class=\"elementor-widget-container\">\n\t\t\t\t\t<div class=\"elementor-image-carousel-wrapper swiper\" dir=\"ltr\">\n\t\t\t<div class=\"elementor-image-carousel swiper-wrapper\" aria-live=\"off\">\n\t\t\t\t\t\t\t\t<div class=\"swiper-slide\" role=\"group\" aria-roledescription=\"slide\" aria-label=\"1 of 15\"><figure class=\"swiper-slide-inner\"><img decoding=\"async\" class=\"swiper-slide-image\" src=\"https:\/\/gokgrup.com\/wp-content\/uploads\/2024\/05\/r5.png\" alt=\"r5\" \/><\/figure><\/div><div class=\"swiper-slide\" role=\"group\" aria-roledescription=\"slide\" aria-label=\"2 of 15\"><figure class=\"swiper-slide-inner\"><img decoding=\"async\" class=\"swiper-slide-image\" src=\"https:\/\/gokgrup.com\/wp-content\/uploads\/2024\/05\/r6.png\" alt=\"r6\" \/><\/figure><\/div><div class=\"swiper-slide\" role=\"group\" aria-roledescription=\"slide\" aria-label=\"3 of 15\"><figure class=\"swiper-slide-inner\"><img decoding=\"async\" class=\"swiper-slide-image\" src=\"https:\/\/gokgrup.com\/wp-content\/uploads\/2024\/05\/r1.png\" alt=\"r1\" \/><\/figure><\/div><div class=\"swiper-slide\" role=\"group\" aria-roledescription=\"slide\" aria-label=\"4 of 15\"><figure class=\"swiper-slide-inner\"><img decoding=\"async\" class=\"swiper-slide-image\" src=\"https:\/\/gokgrup.com\/wp-content\/uploads\/2024\/05\/acibadem.jpg\" alt=\"acibadem\" \/><\/figure><\/div><div class=\"swiper-slide\" role=\"group\" aria-roledescription=\"slide\" aria-label=\"5 of 15\"><figure class=\"swiper-slide-inner\"><img decoding=\"async\" class=\"swiper-slide-image\" src=\"https:\/\/gokgrup.com\/wp-content\/uploads\/2024\/05\/r3.png\" alt=\"r3\" \/><\/figure><\/div><div class=\"swiper-slide\" role=\"group\" aria-roledescription=\"slide\" aria-label=\"6 of 15\"><figure class=\"swiper-slide-inner\"><img decoding=\"async\" class=\"swiper-slide-image\" src=\"https:\/\/gokgrup.com\/wp-content\/uploads\/2024\/05\/r7.png\" alt=\"r7\" \/><\/figure><\/div><div class=\"swiper-slide\" role=\"group\" aria-roledescription=\"slide\" aria-label=\"7 of 15\"><figure class=\"swiper-slide-inner\"><img decoding=\"async\" class=\"swiper-slide-image\" src=\"https:\/\/gokgrup.com\/wp-content\/uploads\/2024\/05\/historia.jpg\" alt=\"historia\" \/><\/figure><\/div><div class=\"swiper-slide\" role=\"group\" aria-roledescription=\"slide\" aria-label=\"8 of 15\"><figure class=\"swiper-slide-inner\"><img decoding=\"async\" class=\"swiper-slide-image\" src=\"https:\/\/gokgrup.com\/wp-content\/uploads\/2024\/05\/kentavm.jpg\" alt=\"kentavm\" \/><\/figure><\/div><div class=\"swiper-slide\" role=\"group\" aria-roledescription=\"slide\" aria-label=\"9 of 15\"><figure class=\"swiper-slide-inner\"><img decoding=\"async\" class=\"swiper-slide-image\" src=\"https:\/\/gokgrup.com\/wp-content\/uploads\/2024\/05\/pelican.jpg\" alt=\"pelican\" \/><\/figure><\/div><div class=\"swiper-slide\" role=\"group\" aria-roledescription=\"slide\" aria-label=\"10 of 15\"><figure class=\"swiper-slide-inner\"><img decoding=\"async\" class=\"swiper-slide-image\" src=\"https:\/\/gokgrup.com\/wp-content\/uploads\/2024\/05\/r4.png\" alt=\"r4\" \/><\/figure><\/div><div class=\"swiper-slide\" role=\"group\" aria-roledescription=\"slide\" aria-label=\"11 of 15\"><figure class=\"swiper-slide-inner\"><img decoding=\"async\" class=\"swiper-slide-image\" src=\"https:\/\/gokgrup.com\/wp-content\/uploads\/2024\/05\/helrom-156x79-1.png\" alt=\"helrom-156x79-1\" \/><\/figure><\/div><div class=\"swiper-slide\" role=\"group\" aria-roledescription=\"slide\" aria-label=\"12 of 15\"><figure class=\"swiper-slide-inner\"><img decoding=\"async\" class=\"swiper-slide-image\" src=\"https:\/\/gokgrup.com\/wp-content\/uploads\/2024\/05\/perlavista.jpg\" alt=\"perlavista\" \/><\/figure><\/div><div class=\"swiper-slide\" role=\"group\" aria-roledescription=\"slide\" aria-label=\"13 of 15\"><figure class=\"swiper-slide-inner\"><img decoding=\"async\" class=\"swiper-slide-image\" src=\"https:\/\/gokgrup.com\/wp-content\/uploads\/2024\/05\/laude-156x79-1.png\" alt=\"laude-156x79-1\" \/><\/figure><\/div><div class=\"swiper-slide\" role=\"group\" aria-roledescription=\"slide\" aria-label=\"14 of 15\"><figure class=\"swiper-slide-inner\"><img decoding=\"async\" class=\"swiper-slide-image\" src=\"https:\/\/gokgrup.com\/wp-content\/uploads\/2024\/05\/oebb-156x79-1.png\" alt=\"oebb-156x79-1\" \/><\/figure><\/div><div class=\"swiper-slide\" role=\"group\" aria-roledescription=\"slide\" aria-label=\"15 of 15\"><figure class=\"swiper-slide-inner\"><img decoding=\"async\" class=\"swiper-slide-image\" src=\"https:\/\/gokgrup.com\/wp-content\/uploads\/2024\/05\/inveho-156x79-1.png\" alt=\"inveho-156x79-1\" \/><\/figure><\/div>\t\t\t<\/div>\n\t\t\t\t\t\t\t\n\t\t\t\t\t\t\t\t\t<\/div>\n\t\t\t\t<\/div>\n\t\t\t\t<\/div>\n\t\t\t\t<div class=\"elementor-element elementor-element-ead30b1 sc_height_huge sc_fly_static elementor-widget elementor-widget-spacer\" data-id=\"ead30b1\" data-element_type=\"widget\" data-widget_type=\"spacer.default\">\n\t\t\t\t<div class=\"elementor-widget-container\">\n\t\t\t\t\t<div class=\"elementor-spacer\">\n\t\t\t<div class=\"elementor-spacer-inner\"><\/div>\n\t\t<\/div>\n\t\t\t\t<\/div>\n\t\t\t\t<\/div>\n\t\t\t\t\t<\/div>\n\t\t<\/div>\n\t\t\t\t\t<\/div>\n\t\t<\/section>\n\t\t\t\t<\/div>","protected":false},"excerpt":{"rendered":"<p>Y\u00fck Vagonu \u0130malat\u0131 TCDD Genel M\u00fcd\u00fcrl\u00fc\u011f\u00fc\u2019n\u00fcn belirlemi\u015f oldu\u011fu genel ve \u00f6zel talimatlar \u00e7er\u00e7evesinde, T\u00dcE, UIC kriterlerine g\u00f6re yolcu ve y\u00fck vagonlar\u0131 bak\u0131m\u0131, onar\u0131m\u0131 ve yeni vagon \u00fcretimi yapmaktad\u0131r. Yolcu Vagonlar\u0131&hellip;<\/p>","protected":false},"author":1,"featured_media":0,"parent":0,"menu_order":0,"comment_status":"closed","ping_status":"closed","template":"","meta":{"footnotes":""},"class_list":["post-837","page","type-page","status-publish","hentry"],"yoast_head":"<!-- This site is optimized with the Yoast SEO plugin v23.4 - https:\/\/yoast.com\/wordpress\/plugins\/seo\/ -->\n<title>Faaliyet Alanlar\u0131 - G\u00f6kgrup<\/title>\n<meta name=\"robots\" content=\"index, follow, max-snippet:-1, max-image-preview:large, max-video-preview:-1\" \/>\n<link rel=\"canonical\" href=\"https:\/\/gokgrup.com\/en\/faaliyet-alanlari\/\" \/>\n<meta property=\"og:locale\" content=\"en_US\" \/>\n<meta property=\"og:type\" content=\"article\" \/>\n<meta property=\"og:title\" content=\"Faaliyet Alanlar\u0131 - G\u00f6kgrup\" \/>\n<meta property=\"og:description\" content=\"Y\u00fck Vagonu \u0130malat\u0131 TCDD Genel M\u00fcd\u00fcrl\u00fc\u011f\u00fc\u2019n\u00fcn belirlemi\u015f oldu\u011fu genel ve \u00f6zel talimatlar \u00e7er\u00e7evesinde, T\u00dcE, UIC kriterlerine g\u00f6re yolcu ve y\u00fck vagonlar\u0131 bak\u0131m\u0131, onar\u0131m\u0131 ve yeni vagon \u00fcretimi yapmaktad\u0131r. Yolcu Vagonlar\u0131&hellip;\" \/>\n<meta property=\"og:url\" content=\"https:\/\/gokgrup.com\/en\/faaliyet-alanlari\/\" \/>\n<meta property=\"og:site_name\" content=\"G\u00f6kgrup\" \/>\n<meta property=\"article:modified_time\" content=\"2024-05-13T23:56:12+00:00\" \/>\n<meta property=\"og:image\" content=\"http:\/\/gokgrup.com\/wp-content\/uploads\/2023\/02\/imalat1.jpg\" \/>\n<meta name=\"twitter:card\" content=\"summary_large_image\" \/>\n<meta name=\"twitter:label1\" content=\"Est. reading time\" \/>\n\t<meta name=\"twitter:data1\" content=\"1 minute\" \/>\n<script type=\"application\/ld+json\" class=\"yoast-schema-graph\">{\"@context\":\"https:\/\/schema.org\",\"@graph\":[{\"@type\":\"WebPage\",\"@id\":\"https:\/\/gokgrup.com\/faaliyet-alanlari\/\",\"url\":\"https:\/\/gokgrup.com\/faaliyet-alanlari\/\",\"name\":\"Faaliyet Alanlar\u0131 - G\u00f6kgrup\",\"isPartOf\":{\"@id\":\"https:\/\/gokgrup.com\/#website\"},\"primaryImageOfPage\":{\"@id\":\"https:\/\/gokgrup.com\/faaliyet-alanlari\/#primaryimage\"},\"image\":{\"@id\":\"https:\/\/gokgrup.com\/faaliyet-alanlari\/#primaryimage\"},\"thumbnailUrl\":\"http:\/\/gokgrup.com\/wp-content\/uploads\/2023\/02\/imalat1.jpg\",\"datePublished\":\"2022-09-08T12:39:11+00:00\",\"dateModified\":\"2024-05-13T23:56:12+00:00\",\"breadcrumb\":{\"@id\":\"https:\/\/gokgrup.com\/faaliyet-alanlari\/#breadcrumb\"},\"inLanguage\":\"en-US\",\"potentialAction\":[{\"@type\":\"ReadAction\",\"target\":[\"https:\/\/gokgrup.com\/faaliyet-alanlari\/\"]}]},{\"@type\":\"ImageObject\",\"inLanguage\":\"en-US\",\"@id\":\"https:\/\/gokgrup.com\/faaliyet-alanlari\/#primaryimage\",\"url\":\"http:\/\/gokgrup.com\/wp-content\/uploads\/2023\/02\/imalat1.jpg\",\"contentUrl\":\"http:\/\/gokgrup.com\/wp-content\/uploads\/2023\/02\/imalat1.jpg\"},{\"@type\":\"BreadcrumbList\",\"@id\":\"https:\/\/gokgrup.com\/faaliyet-alanlari\/#breadcrumb\",\"itemListElement\":[{\"@type\":\"ListItem\",\"position\":1,\"name\":\"Home\",\"item\":\"https:\/\/gokgrup.com\/\"},{\"@type\":\"ListItem\",\"position\":2,\"name\":\"Faaliyet Alanlar\u0131\"}]},{\"@type\":\"WebSite\",\"@id\":\"https:\/\/gokgrup.com\/#website\",\"url\":\"https:\/\/gokgrup.com\/\",\"name\":\"G\u00f6kgrup\",\"description\":\"Yap\u0131 Sanayi\",\"potentialAction\":[{\"@type\":\"SearchAction\",\"target\":{\"@type\":\"EntryPoint\",\"urlTemplate\":\"https:\/\/gokgrup.com\/?s={search_term_string}\"},\"query-input\":{\"@type\":\"PropertyValueSpecification\",\"valueRequired\":true,\"valueName\":\"search_term_string\"}}],\"inLanguage\":\"en-US\"}]}<\/script>\n<!-- \/ Yoast SEO plugin. -->","yoast_head_json":{"title":"Faaliyet Alanlar\u0131 - G\u00f6kgrup","robots":{"index":"index","follow":"follow","max-snippet":"max-snippet:-1","max-image-preview":"max-image-preview:large","max-video-preview":"max-video-preview:-1"},"canonical":"https:\/\/gokgrup.com\/en\/faaliyet-alanlari\/","og_locale":"en_US","og_type":"article","og_title":"Faaliyet Alanlar\u0131 - G\u00f6kgrup","og_description":"Y\u00fck Vagonu \u0130malat\u0131 TCDD Genel M\u00fcd\u00fcrl\u00fc\u011f\u00fc\u2019n\u00fcn belirlemi\u015f oldu\u011fu genel ve \u00f6zel talimatlar \u00e7er\u00e7evesinde, T\u00dcE, UIC kriterlerine g\u00f6re yolcu ve y\u00fck vagonlar\u0131 bak\u0131m\u0131, onar\u0131m\u0131 ve yeni vagon \u00fcretimi yapmaktad\u0131r. Yolcu Vagonlar\u0131&hellip;","og_url":"https:\/\/gokgrup.com\/en\/faaliyet-alanlari\/","og_site_name":"G\u00f6kgrup","article_modified_time":"2024-05-13T23:56:12+00:00","og_image":[{"url":"http:\/\/gokgrup.com\/wp-content\/uploads\/2023\/02\/imalat1.jpg"}],"twitter_card":"summary_large_image","twitter_misc":{"Est. reading time":"1 minute"},"schema":{"@context":"https:\/\/schema.org","@graph":[{"@type":"WebPage","@id":"https:\/\/gokgrup.com\/faaliyet-alanlari\/","url":"https:\/\/gokgrup.com\/faaliyet-alanlari\/","name":"Faaliyet Alanlar\u0131 - G\u00f6kgrup","isPartOf":{"@id":"https:\/\/gokgrup.com\/#website"},"primaryImageOfPage":{"@id":"https:\/\/gokgrup.com\/faaliyet-alanlari\/#primaryimage"},"image":{"@id":"https:\/\/gokgrup.com\/faaliyet-alanlari\/#primaryimage"},"thumbnailUrl":"http:\/\/gokgrup.com\/wp-content\/uploads\/2023\/02\/imalat1.jpg","datePublished":"2022-09-08T12:39:11+00:00","dateModified":"2024-05-13T23:56:12+00:00","breadcrumb":{"@id":"https:\/\/gokgrup.com\/faaliyet-alanlari\/#breadcrumb"},"inLanguage":"en-US","potentialAction":[{"@type":"ReadAction","target":["https:\/\/gokgrup.com\/faaliyet-alanlari\/"]}]},{"@type":"ImageObject","inLanguage":"en-US","@id":"https:\/\/gokgrup.com\/faaliyet-alanlari\/#primaryimage","url":"http:\/\/gokgrup.com\/wp-content\/uploads\/2023\/02\/imalat1.jpg","contentUrl":"http:\/\/gokgrup.com\/wp-content\/uploads\/2023\/02\/imalat1.jpg"},{"@type":"BreadcrumbList","@id":"https:\/\/gokgrup.com\/faaliyet-alanlari\/#breadcrumb","itemListElement":[{"@type":"ListItem","position":1,"name":"Home","item":"https:\/\/gokgrup.com\/"},{"@type":"ListItem","position":2,"name":"Faaliyet Alanlar\u0131"}]},{"@type":"WebSite","@id":"https:\/\/gokgrup.com\/#website","url":"https:\/\/gokgrup.com\/","name":"G\u00f6kgrup","description":"Yap\u0131 Sanayi","potentialAction":[{"@type":"SearchAction","target":{"@type":"EntryPoint","urlTemplate":"https:\/\/gokgrup.com\/?s={search_term_string}"},"query-input":{"@type":"PropertyValueSpecification","valueRequired":true,"valueName":"search_term_string"}}],"inLanguage":"en-US"}]}},"_links":{"self":[{"href":"https:\/\/gokgrup.com\/en\/wp-json\/wp\/v2\/pages\/837","targetHints":{"allow":["GET"]}}],"collection":[{"href":"https:\/\/gokgrup.com\/en\/wp-json\/wp\/v2\/pages"}],"about":[{"href":"https:\/\/gokgrup.com\/en\/wp-json\/wp\/v2\/types\/page"}],"author":[{"embeddable":true,"href":"https:\/\/gokgrup.com\/en\/wp-json\/wp\/v2\/users\/1"}],"replies":[{"embeddable":true,"href":"https:\/\/gokgrup.com\/en\/wp-json\/wp\/v2\/comments?post=837"}],"version-history":[{"count":49,"href":"https:\/\/gokgrup.com\/en\/wp-json\/wp\/v2\/pages\/837\/revisions"}],"predecessor-version":[{"id":6369,"href":"https:\/\/gokgrup.com\/en\/wp-json\/wp\/v2\/pages\/837\/revisions\/6369"}],"wp:attachment":[{"href":"https:\/\/gokgrup.com\/en\/wp-json\/wp\/v2\/media?parent=837"}],"curies":[{"name":"wp","href":"https:\/\/api.w.org\/{rel}","templated":true}]}}